{"id":1182,"date":"2022-05-05T16:28:41","date_gmt":"2022-05-05T19:28:41","guid":{"rendered":"http:\/\/www.blackmind.institucional.ws\/?page_id=1182"},"modified":"2022-06-28T20:22:04","modified_gmt":"2022-06-28T23:22:04","slug":"cases","status":"publish","type":"page","link":"https:\/\/blackmind.agency\/en\/cases\/","title":{"rendered":"Cases"},"content":{"rendered":"<div id=\"dslc-theme-content\"><div id=\"dslc-theme-content-inner\"><div id=\"dslc-main\">\n<div  class=\"dslc-modules-section \" style=\"padding-bottom:90px;padding-top:90px;background-color:#000000;\" data-section-id=\"7050291727e\">\n<div class=\"dslc-modules-section-wrapper dslc-clearfix\">\n<style type=\"text\/css\" id=\"dslca-modules-area-\"><\/style>\n<div  class=\"dslc-modules-area dslc-col dslc-12-col dslc-last-col dslc-valign- \" data-size=\"12\" data-valign=\"\" data-modules-area-id=\"\" ><\/div>\n<\/div>\n<\/div>\n<div id=\"cases-texto-section\" class=\"dslc-modules-section \" style=\"\" data-section-id=\"7050291727e\">\n<div class=\"dslc-modules-section-wrapper dslc-clearfix\">\n<style type=\"text\/css\" id=\"dslca-modules-area-\"><\/style>\n<div  class=\"dslc-modules-area dslc-col dslc-12-col dslc-last-col dslc-valign- \" data-size=\"12\" data-valign=\"\" data-modules-area-id=\"\" >\n<div id=\"dslc-module-b040e6fc30b\" class=\"dslc-module-front dslc-module-DSLC_Html dslc-in-viewport-check dslc-in-viewport-anim-none  dslc-col dslc-12-col dslc-last-col  dslc-module-handle-like-regular \" data-module-id=\"b040e6fc30b\" data-module=\"DSLC_Html\" data-dslc-module-size=\"12\" data-dslc-anim=\"none\" data-dslc-anim-delay=\"\" data-dslc-anim-duration=\"650\"  data-dslc-anim-easing=\"ease\" data-dslc-preset=\"none\" >\n<div class=\"dslc-html-module-content\">\n<div id=\"cases-texto-wrapper\">\n<h4>FRESH WORK - JOBS THAT MATTER<\/h4>\n<h1>Alguns projetos assinados pela Blackmind<\/h1>\n<\/div>\n<\/div><\/div>\n<p><!-- .dslc-module --><\/p>\n<div id=\"dslc-module-3ba9cf13ea5\" class=\"dslc-module-front dslc-module-DSLC_Html dslc-in-viewport-check dslc-in-viewport-anim-none  dslc-col dslc-12-col dslc-last-col  dslc-module-handle-like-regular cases-grade\" data-module-id=\"3ba9cf13ea5\" data-module=\"DSLC_Html\" data-dslc-module-size=\"12\" data-dslc-anim=\"none\" data-dslc-anim-delay=\"\" data-dslc-anim-duration=\"650\"  data-dslc-anim-easing=\"ease\" data-dslc-preset=\"none\" >\n<div class=\"dslc-html-module-content\">\n<div id=\"cases-grade-wrapper\">\n<figure class=\"hover-img front\" id=\"front\">\n  <img decoding=\"async\" src=\"\/wp-content\/uploads\/2022\/05\/cases-img-exemplo.jpg\"\/><figcaption>\n<h3>SBC Law<\/h3>\n<\/figcaption><\/figure>\n<figure class=\"hover-img front\" id=\"front\">\n  <img decoding=\"async\" src=\"\/wp-content\/uploads\/2022\/05\/cases-img-exemplo.jpg\"\/><figcaption>\n<h3>SBC Law<\/h3>\n<\/figcaption><\/figure>\n<figure class=\"hover-img front\" id=\"front\">\n  <img decoding=\"async\" src=\"\/wp-content\/uploads\/2022\/05\/cases-img-exemplo.jpg\"\/><figcaption>\n<h3>SBC Law<\/h3>\n<\/figcaption><\/figure>\n<figure class=\"hover-img front\" id=\"front\">\n  <img decoding=\"async\" src=\"\/wp-content\/uploads\/2022\/05\/cases-img-exemplo.jpg\"\/><figcaption>\n<h3>SBC Law<\/h3>\n<\/figcaption><\/figure>\n<figure class=\"hover-img front\" id=\"front\">\n  <img decoding=\"async\" src=\"\/wp-content\/uploads\/2022\/05\/cases-img-exemplo.jpg\"\/><figcaption>\n<h3>SBC Law<\/h3>\n<\/figcaption><\/figure>\n<figure class=\"hover-img front\" id=\"front\">\n  <img decoding=\"async\" src=\"\/wp-content\/uploads\/2022\/05\/cases-img-exemplo.jpg\"\/><figcaption>\n<h3>SBC Law<\/h3>\n<\/figcaption><\/figure>\n<figure class=\"hover-img front\" id=\"front\">\n  <img decoding=\"async\" src=\"\/wp-content\/uploads\/2022\/05\/cases-img-exemplo.jpg\"\/><figcaption>\n<h3>SBC Law<\/h3>\n<\/figcaption><\/figure>\n<figure class=\"hover-img front\" id=\"front\">\n  <img decoding=\"async\" src=\"\/wp-content\/uploads\/2022\/05\/cases-img-exemplo.jpg\"\/><figcaption>\n<h3>SBC Law<\/h3>\n<\/figcaption><\/figure>\n<figure class=\"hover-img front\" id=\"front\">\n  <img decoding=\"async\" src=\"\/wp-content\/uploads\/2022\/05\/cases-img-exemplo.jpg\"\/><figcaption>\n<h3>SBC Law<\/h3>\n<\/figcaption><\/figure>\n<\/div>\n<\/div><\/div>\n<p><!-- .dslc-module --><\/p>\n<div id=\"dslc-module-4ed2fb67e61\" class=\"dslc-module-front dslc-module-DSLC_Html dslc-in-viewport-check dslc-in-viewport-anim-none  dslc-col dslc-12-col dslc-last-col  dslc-module-handle-like-regular \" data-module-id=\"4ed2fb67e61\" data-module=\"DSLC_Html\" data-dslc-module-size=\"12\" data-dslc-anim=\"none\" data-dslc-anim-delay=\"\" data-dslc-anim-duration=\"650\"  data-dslc-anim-easing=\"ease\" data-dslc-preset=\"none\" >\n<div class=\"dslc-html-module-content\"><script>\nconst checkpoint = 350;\nlet elementsArray = document.querySelectorAll(\".front\");\nwindow.addEventListener('scroll', fadeIn ); \nfunction fadeIn() {\n    for (var i = 0; i < elementsArray.length; i++) {\n        var elem = elementsArray[i]\n        var distInView = elem.getBoundingClientRect().top;\n        if (distInView < checkpoint) {\n            elem.classList.add(\"inView\");\n        } else {\n            elem.classList.remove(\"inView\");\n        }\n    }\n}\nfadeIn();\n\n<\/script><\/div>\n<\/p><\/div>\n<p><!-- .dslc-module -->\n\t\t<\/div>\n<\/div>\n<\/div>\n<div id=\"cases-inovar-section\" class=\"dslc-modules-section \" style=\"\" data-section-id=\"7050291727e\">\n<div class=\"dslc-modules-section-wrapper dslc-clearfix\">\n<style type=\"text\/css\" id=\"dslca-modules-area-\"><\/style>\n<div  class=\"dslc-modules-area dslc-col dslc-12-col dslc-last-col dslc-valign- \" data-size=\"12\" data-valign=\"\" data-modules-area-id=\"\" >\n<div id=\"dslc-module-1dd27a58dd9\" class=\"dslc-module-front dslc-module-DSLC_Html dslc-in-viewport-check dslc-in-viewport-anim-none  dslc-col dslc-12-col dslc-last-col  dslc-module-handle-like-regular \" data-module-id=\"1dd27a58dd9\" data-module=\"DSLC_Html\" data-dslc-module-size=\"12\" data-dslc-anim=\"none\" data-dslc-anim-delay=\"\" data-dslc-anim-duration=\"650\"  data-dslc-anim-easing=\"ease\" data-dslc-preset=\"none\" >\n<div class=\"dslc-html-module-content\">\n<div id=\"cases-inovar-wrapper\">\n<h3>Vamos falar da sua marca?<\/h3>\n<h1>Traga seu projeto para a Blackmind e transforme a comunica\u00e7\u00e3o do seu neg\u00f3cio.<\/h1>\n<p><a href=\"\/contato\"><button>ENTRE EM CONTATO<\/button><\/a>\n<\/div>\n<\/div><\/div>\n<p><!-- .dslc-module -->\n\t\t<\/div>\n<\/div>\n<\/div>\n<\/div>\n<\/div><\/div>","protected":false},"excerpt":{"rendered":"<p>FRESH WORK - JOBS THAT MATTER Alguns projetos assinados pela Blackmind SBC Law SBC Law SBC Law SBC Law SBC Law SBC Law SBC Law SBC Law SBC Law Vamos falar da sua marca? Traga seu projeto para a Blackmind e transforme a comunica\u00e7\u00e3o do seu neg\u00f3cio. ENTRE EM CONTATO<\/p>","protected":false},"author":1,"featured_media":0,"parent":0,"menu_order":0,"comment_status":"closed","ping_status":"closed","template":"","meta":{"footnotes":""},"class_list":["post-1182","page","type-page","status-publish","hentry"],"yoast_head":"<!-- This site is optimized with the Yoast SEO plugin v27.2 - https:\/\/yoast.com\/product\/yoast-seo-wordpress\/ -->\n<title>Cases - Blackmind Agency<\/title>\n<meta name=\"robots\" content=\"index, follow, max-snippet:-1, max-image-preview:large, max-video-preview:-1\" \/>\n<link rel=\"canonical\" href=\"https:\/\/blackmind.agency\/en\/cases\/\" \/>\n<meta property=\"og:locale\" content=\"en_US\" \/>\n<meta property=\"og:type\" content=\"article\" \/>\n<meta property=\"og:title\" content=\"Cases - Blackmind Agency\" \/>\n<meta property=\"og:description\" content=\"FRESH WORK - JOBS THAT MATTER Alguns projetos assinados pela Blackmind SBC Law SBC Law SBC Law SBC Law SBC Law SBC Law SBC Law SBC Law SBC Law Vamos falar da sua marca? Traga seu projeto para a Blackmind e transforme a comunica\u00e7\u00e3o do seu neg\u00f3cio. ENTRE EM CONTATO\" \/>\n<meta property=\"og:url\" content=\"https:\/\/blackmind.agency\/en\/cases\/\" \/>\n<meta property=\"og:site_name\" content=\"Blackmind Agency\" \/>\n<meta property=\"article:modified_time\" content=\"2022-06-28T23:22:04+00:00\" \/>\n<meta name=\"twitter:card\" content=\"summary_large_image\" \/>\n<script type=\"application\/ld+json\" class=\"yoast-schema-graph\">{\"@context\":\"https:\/\/schema.org\",\"@graph\":[{\"@type\":\"WebPage\",\"@id\":\"https:\/\/blackmind.agency\/cases\/\",\"url\":\"https:\/\/blackmind.agency\/cases\/\",\"name\":\"Cases - Blackmind Agency\",\"isPartOf\":{\"@id\":\"https:\/\/blackmind.agency\/#website\"},\"datePublished\":\"2022-05-05T19:28:41+00:00\",\"dateModified\":\"2022-06-28T23:22:04+00:00\",\"breadcrumb\":{\"@id\":\"https:\/\/blackmind.agency\/cases\/#breadcrumb\"},\"inLanguage\":\"en-US\",\"potentialAction\":[{\"@type\":\"ReadAction\",\"target\":[\"https:\/\/blackmind.agency\/cases\/\"]}]},{\"@type\":\"BreadcrumbList\",\"@id\":\"https:\/\/blackmind.agency\/cases\/#breadcrumb\",\"itemListElement\":[{\"@type\":\"ListItem\",\"position\":1,\"name\":\"In\u00edcio\",\"item\":\"https:\/\/blackmind.agency\/\"},{\"@type\":\"ListItem\",\"position\":2,\"name\":\"Cases\"}]},{\"@type\":\"WebSite\",\"@id\":\"https:\/\/blackmind.agency\/#website\",\"url\":\"https:\/\/blackmind.agency\/\",\"name\":\"Blackmind Agency\",\"description\":\"\",\"potentialAction\":[{\"@type\":\"SearchAction\",\"target\":{\"@type\":\"EntryPoint\",\"urlTemplate\":\"https:\/\/blackmind.agency\/?s={search_term_string}\"},\"query-input\":{\"@type\":\"PropertyValueSpecification\",\"valueRequired\":true,\"valueName\":\"search_term_string\"}}],\"inLanguage\":\"en-US\"}]}<\/script>\n<!-- \/ Yoast SEO plugin. -->","yoast_head_json":{"title":"Cases - Blackmind Agency","robots":{"index":"index","follow":"follow","max-snippet":"max-snippet:-1","max-image-preview":"max-image-preview:large","max-video-preview":"max-video-preview:-1"},"canonical":"https:\/\/blackmind.agency\/en\/cases\/","og_locale":"en_US","og_type":"article","og_title":"Cases - Blackmind Agency","og_description":"FRESH WORK - JOBS THAT MATTER Alguns projetos assinados pela Blackmind SBC Law SBC Law SBC Law SBC Law SBC Law SBC Law SBC Law SBC Law SBC Law Vamos falar da sua marca? Traga seu projeto para a Blackmind e transforme a comunica\u00e7\u00e3o do seu neg\u00f3cio. ENTRE EM CONTATO","og_url":"https:\/\/blackmind.agency\/en\/cases\/","og_site_name":"Blackmind Agency","article_modified_time":"2022-06-28T23:22:04+00:00","twitter_card":"summary_large_image","schema":{"@context":"https:\/\/schema.org","@graph":[{"@type":"WebPage","@id":"https:\/\/blackmind.agency\/cases\/","url":"https:\/\/blackmind.agency\/cases\/","name":"Cases - Blackmind Agency","isPartOf":{"@id":"https:\/\/blackmind.agency\/#website"},"datePublished":"2022-05-05T19:28:41+00:00","dateModified":"2022-06-28T23:22:04+00:00","breadcrumb":{"@id":"https:\/\/blackmind.agency\/cases\/#breadcrumb"},"inLanguage":"en-US","potentialAction":[{"@type":"ReadAction","target":["https:\/\/blackmind.agency\/cases\/"]}]},{"@type":"BreadcrumbList","@id":"https:\/\/blackmind.agency\/cases\/#breadcrumb","itemListElement":[{"@type":"ListItem","position":1,"name":"In\u00edcio","item":"https:\/\/blackmind.agency\/"},{"@type":"ListItem","position":2,"name":"Cases"}]},{"@type":"WebSite","@id":"https:\/\/blackmind.agency\/#website","url":"https:\/\/blackmind.agency\/","name":"Blackmind Agency","description":"","potentialAction":[{"@type":"SearchAction","target":{"@type":"EntryPoint","urlTemplate":"https:\/\/blackmind.agency\/?s={search_term_string}"},"query-input":{"@type":"PropertyValueSpecification","valueRequired":true,"valueName":"search_term_string"}}],"inLanguage":"en-US"}]}},"_links":{"self":[{"href":"https:\/\/blackmind.agency\/en\/wp-json\/wp\/v2\/pages\/1182","targetHints":{"allow":["GET"]}}],"collection":[{"href":"https:\/\/blackmind.agency\/en\/wp-json\/wp\/v2\/pages"}],"about":[{"href":"https:\/\/blackmind.agency\/en\/wp-json\/wp\/v2\/types\/page"}],"author":[{"embeddable":true,"href":"https:\/\/blackmind.agency\/en\/wp-json\/wp\/v2\/users\/1"}],"replies":[{"embeddable":true,"href":"https:\/\/blackmind.agency\/en\/wp-json\/wp\/v2\/comments?post=1182"}],"version-history":[{"count":1,"href":"https:\/\/blackmind.agency\/en\/wp-json\/wp\/v2\/pages\/1182\/revisions"}],"predecessor-version":[{"id":1183,"href":"https:\/\/blackmind.agency\/en\/wp-json\/wp\/v2\/pages\/1182\/revisions\/1183"}],"wp:attachment":[{"href":"https:\/\/blackmind.agency\/en\/wp-json\/wp\/v2\/media?parent=1182"}],"curies":[{"name":"wp","href":"https:\/\/api.w.org\/{rel}","templated":true}]}}