{"id":1492,"date":"2022-06-02T02:44:29","date_gmt":"2022-06-02T05:44:29","guid":{"rendered":"http:\/\/www.blackmind.institucional.ws\/?page_id=1492"},"modified":"2022-06-28T20:19:33","modified_gmt":"2022-06-28T23:19:33","slug":"black","status":"publish","type":"page","link":"https:\/\/blackmind.agency\/en\/black\/","title":{"rendered":"Black"},"content":{"rendered":"<div id=\"dslc-theme-content\"><div id=\"dslc-theme-content-inner\"><div id=\"dslc-main\">\n<div id=\"novaQS-section1\" class=\"dslc-modules-section  dslc-full  dslc-no-columns-spacing \" style=\"padding-bottom:00px;padding-top:00px;\" data-section-id=\"6ca51868488\">\n<div class=\"dslc-modules-section-wrapper dslc-clearfix\">\n<style type=\"text\/css\" id=\"dslca-modules-area-\"><\/style>\n<div  class=\"dslc-modules-area dslc-col dslc-12-col dslc-last-col dslc-valign- \" data-size=\"12\" data-valign=\"\" data-modules-area-id=\"\" >\n<div id=\"dslc-module-c59b6d98181\" class=\"dslc-module-front dslc-module-DSLC_Html dslc-in-viewport-check dslc-in-viewport-anim-none  dslc-col dslc-12-col dslc-last-col  dslc-module-handle-like-regular \" data-module-id=\"c59b6d98181\" data-module=\"DSLC_Html\" data-dslc-module-size=\"12\" data-dslc-anim=\"none\" data-dslc-anim-delay=\"\" data-dslc-anim-duration=\"650\"  data-dslc-anim-easing=\"ease\" data-dslc-preset=\"none\" >\n<div class=\"dslc-html-module-content\">\n<div id=\"novaQS-banner-wrapper\">\n<div id=\"novaQS-banner-texto-wrapper\">\n<div id=\"novaQS-banner-texto\">\n<h4>HEY, WE ARE BLACKMIND<\/h4>\n<h1>Uma ag\u00eancia full-experience para conectar marcas a neg\u00f3cios<\/h1>\n<\/p><\/div>\n<\/p><\/div>\n<\/div>\n<\/div><\/div>\n<p><!-- .dslc-module -->\n\t\t<\/div>\n<\/div>\n<\/div>\n<div id=\"novaQS-section2\" class=\"dslc-modules-section \" style=\"\" data-section-id=\"427a51f58d8\">\n<div class=\"dslc-modules-section-wrapper dslc-clearfix\">\n<style type=\"text\/css\" id=\"dslca-modules-area-\"><\/style>\n<div  class=\"dslc-modules-area dslc-col dslc-12-col dslc-last-col dslc-valign- \" data-size=\"12\" data-valign=\"\" data-modules-area-id=\"\" >\n<div id=\"dslc-module-0991afb28b0\" class=\"dslc-module-front dslc-module-DSLC_Html dslc-in-viewport-check dslc-in-viewport-anim-none  dslc-col dslc-12-col dslc-last-col  dslc-module-handle-like-regular \" data-module-id=\"0991afb28b0\" data-module=\"DSLC_Html\" data-dslc-module-size=\"12\" data-dslc-anim=\"none\" data-dslc-anim-delay=\"\" data-dslc-anim-duration=\"650\"  data-dslc-anim-easing=\"ease\" data-dslc-preset=\"none\" >\n<div class=\"dslc-html-module-content\">\n<div id=\"novaQS-sec2-wrapper\">\n\t<img decoding=\"async\" class=\"img-PC\" src=\"\/wp-content\/uploads\/2022\/03\/img-time-blackmind-agency.png\"><\/p>\n<h4>SOMOS ESPECIALISTAS EM BUSINESS DESIGN<\/h4>\n<h1>A Blackmind \u00e9 especialista em estrat\u00e9gia, posicionamento e cria\u00e7\u00e3o de comunica\u00e7\u00e3o de marketing que estimulam o crescimento dos neg\u00f3cios.<\/h1>\n<p>\t<img decoding=\"async\" class=\"img-MOB\" src=\"\/wp-content\/uploads\/2022\/03\/mobile-img-time-blackmind-agency@2x.png\"><\/p>\n<p>A Blackmind \u00e9 uma ag\u00eancia hotshop otimizada que comporta grandes desafios. Acreditamos que boas ideias n\u00e3o se limitam a barreiras operacionais. Elas precisam de liberdade para ganharem for\u00e7a.<\/p>\n<p>Mais do que solu\u00e7\u00f5es de comunica\u00e7\u00e3o, projetamos o que \u00e9 funcional em todos os canais, desde an\u00fancios e spots at\u00e9 materiais de PDV e embalagens, criando  conex\u00e3o com os clientes em lojas, ambiente digitais ou redes sociais. Oferecemos empenho para boas ideias, energia para novos projetos e diferentes caminhos para a constru\u00e7\u00e3o de novas hist\u00f3rias. Atuamos de forma colaborativa para a concretiza\u00e7\u00e3o de resultados que agreguem valor aos consumidores, \u00e0s marcas e \u00e0 sociedade.<\/p>\n<p>Limites s\u00e3o t\u00e3o over.<\/p>\n<p>\t<img decoding=\"async\" id=\"circulos\" src=\"\/wp-content\/uploads\/2022\/06\/circulo_interseccao_blackmind_quem-somos.png\">\n<\/div>\n<\/div><\/div>\n<p><!-- .dslc-module -->\n\t\t<\/div>\n<\/div>\n<\/div>\n<div id=\"novaQS-section3\" class=\"dslc-modules-section \" style=\"background-color:#1c1c1c;\" data-section-id=\"a768d9d9e7d\">\n<div class=\"dslc-modules-section-wrapper dslc-clearfix\">\n<style type=\"text\/css\" id=\"dslca-modules-area-\"><\/style>\n<div  class=\"dslc-modules-area dslc-col dslc-12-col dslc-last-col dslc-valign- \" data-size=\"12\" data-valign=\"\" data-modules-area-id=\"\" >\n<div id=\"dslc-module-ce463e56bc8\" class=\"dslc-module-front dslc-module-DSLC_Html dslc-in-viewport-check dslc-in-viewport-anim-none  dslc-col dslc-12-col dslc-last-col  dslc-module-handle-like-regular \" data-module-id=\"ce463e56bc8\" data-module=\"DSLC_Html\" data-dslc-module-size=\"12\" data-dslc-anim=\"none\" data-dslc-anim-delay=\"\" data-dslc-anim-duration=\"650\"  data-dslc-anim-easing=\"ease\" data-dslc-preset=\"none\" >\n<div class=\"dslc-html-module-content\">\n<div id=\"novaQS-sec3-wrapper\">\n<h4>POR QUE FAZEMOS?<\/h4>\n<h1>Temos um grande plano: levar excel\u00eancia para marcas que sabem o poder do prop\u00f3sito alinhado aos neg\u00f3cios.<\/h1>\n<p>\t<img decoding=\"async\" class=\"img-MOB\" src=\"\/wp-content\/uploads\/2022\/03\/mobile-img-agencia-publicidade-blackmind-agency@3x.png\"><br \/>\n\t<img decoding=\"async\" class=\"img-PC\" src=\"\/wp-content\/uploads\/2022\/03\/img-agencia-publicidade-blackmind-agency.png\"><\/p>\n<h1 id=\"creativity-quote\">When creativity<br \/>get together<\/h1>\n<\/div>\n<\/div><\/div>\n<p><!-- .dslc-module -->\n\t\t<\/div>\n<\/div>\n<\/div>\n<div id=\"novaQS-section4\" class=\"dslc-modules-section \" style=\"\" data-section-id=\"a768d9d9e7d\">\n<div class=\"dslc-modules-section-wrapper dslc-clearfix\">\n<style type=\"text\/css\" id=\"dslca-modules-area-\"><\/style>\n<div  class=\"dslc-modules-area dslc-col dslc-12-col dslc-last-col dslc-valign- \" data-size=\"12\" data-valign=\"\" data-modules-area-id=\"\" >\n<div id=\"dslc-module-27c632c9f77\" class=\"dslc-module-front dslc-module-DSLC_Html dslc-in-viewport-check dslc-in-viewport-anim-none  dslc-col dslc-12-col dslc-last-col  dslc-module-handle-like-regular \" data-module-id=\"27c632c9f77\" data-module=\"DSLC_Html\" data-dslc-module-size=\"12\" data-dslc-anim=\"none\" data-dslc-anim-delay=\"\" data-dslc-anim-duration=\"650\"  data-dslc-anim-easing=\"ease\" data-dslc-preset=\"none\" >\n<div class=\"dslc-html-module-content\">\n<div id=\"novaQS-sec4-wrapper\">\n<h4>O QUE FAZEMOS<\/h4>\n<h1>Produzimos uma grande variedade de projetos de comunica\u00e7\u00e3o omnichannel:<\/h1>\n<ul id=\"novaQS-sec4-wrapper2\">\n<li class=\"bloco-oqfazemos\">\n<h3>Branding<\/h3>\n<p>Estrat\u00e9gia para gest\u00e3o da sua marca. Veja como o processo de branding pode transformar seu neg\u00f3cio.<\/p>\n<\/li>\n<li class=\"bloco-oqfazemos\">\n<h3>Estrat\u00e9gia<\/h3>\n<p>Planejamento estrat\u00e9gico para sua marca saber onde quer chegar.<\/p>\n<\/li>\n<li class=\"bloco-oqfazemos\">\n<h3>Design<\/h3>\n<p>Projetos e conceitos criativos de identidade visuais, embalagens e o que mais o poder do design puder alcan\u00e7ar.<\/p>\n<\/li>\n<li class=\"bloco-oqfazemos\">\n<h3>Content Branded<\/h3>\n<p>Marketing de conte\u00fado para contar a hist\u00f3ria da sua marca.<\/p>\n<\/li>\n<li class=\"bloco-oqfazemos\">\n<h3>Digital<\/h3>\n<p>A performance do inbound marketing e os dados a favor do seu neg\u00f3cio. Gere mais leads para o seu comercial.<\/p>\n<\/li>\n<li class=\"bloco-oqfazemos\">\n<h3>Live Marketing<\/h3>\n<p>Experi\u00eancias incr\u00edveis para marcas e solu\u00e7\u00f5es para o seu evento.<\/p>\n<\/li>\n<li class=\"bloco-oqfazemos\">\n<h3>Advertising<\/h3>\n<p>O poder da publicidade tradicional com a estrat\u00e9gia certa, sua marca falando mais alto.<\/p>\n<\/li>\n<li class=\"bloco-oqfazemos\">\n<h3>Web<\/h3>\n<p>Cria\u00e7\u00e3o do seu site pensado na jornada do usu\u00e1rio, SEO e de forma responsivo.<\/p>\n<\/li>\n<li class=\"bloco-oqfazemos\">\n<h3>Media<\/h3>\n<p>O investimento ideal para proporcionar alcance segmentado.<\/p>\n<\/li>\n<li class=\"bloco-oqfazemos\">\n<h3>Endomarketing<\/h3>\n<p>A\u00e7\u00f5es internas integram e inspiram seu time para que, juntos, possam atingir a excel\u00eancia no atendimento.<\/p>\n<\/li>\n<li class=\"bloco-oqfazemos\">\n<h3>Trade<\/h3>\n<p>Criatividade para sua marca maximizar a estrat\u00e9gia de venda.<\/p>\n<\/li>\n<\/ul>\n<\/div>\n<\/div><\/div>\n<p><!-- .dslc-module -->\n\t\t<\/div>\n<\/div>\n<\/div>\n<div id=\"novaQS-section4-MOBILE\" class=\"dslc-modules-section  dslc-no-columns-spacing  dslc-hide-on-desktop  dslc-hide-on-tablet \" style=\"padding-bottom:60px;padding-top:60px;background-color:#e6e6e6;\" data-section-id=\"a768d9d9e7d\">\n<div class=\"dslc-modules-section-wrapper dslc-clearfix\">\n<style type=\"text\/css\" id=\"dslca-modules-area-\"><\/style>\n<div  class=\"dslc-modules-area dslc-col dslc-12-col dslc-last-col dslc-valign- \" data-size=\"12\" data-valign=\"\" data-modules-area-id=\"\" >\n<div id=\"dslc-module-c6e06aab4ec\" class=\"dslc-module-front dslc-module-DSLC_Shortcode dslc-in-viewport-check dslc-in-viewport-anim-none  dslc-col dslc-12-col dslc-last-col  dslc-module-handle-like-regular \" data-module-id=\"c6e06aab4ec\" data-module=\"DSLC_Shortcode\" data-dslc-module-size=\"12\" data-dslc-anim=\"none\" data-dslc-anim-delay=\"\" data-dslc-anim-duration=\"650\"  data-dslc-anim-easing=\"ease\" data-dslc-preset=\"none\" >\n<div class=\"dslc-module-shortcode\">\n\t\t\t<div class='white' style='background:rgba(0,0,0,0); border:solid 0px rgba(0,0,0,0); border-radius:0px; padding:0px 0px 0px 0px;'>\n<div id='slider_1659' class='owl-carousel sa_owl_theme owl-pagination-true autohide-arrows' data-slider-id='slider_1659' style='visibility:hidden;'>\n<div id='slider_1659_slide01' class='sa_hover_container' style='padding:5% 5%; margin:0px 0%; '><div class=\"bloco-oqfazemos-mobile-wrapper\">\r\n<h3>Branding<\/h3>\r\n<p>Estrat\u00e9gia para gest\u00e3o da sua marca. Veja como o processo de branding pode transformar seu neg\u00f3cio.<\/p>\r\n<\/div><\/div>\n<div id='slider_1659_slide02' class='sa_hover_container' style='padding:5% 5%; margin:0px 0%; '><div class=\"bloco-oqfazemos-mobile-wrapper\">\r\n<h3>Estrat\u00e9gia<\/h3>\r\n<p>Planejamento estrat\u00e9gico para sua marca saber onde quer chegar.<\/p>\r\n<\/div><\/div>\n<div id='slider_1659_slide03' class='sa_hover_container' style='padding:5% 5%; margin:0px 0%; '><div class=\"bloco-oqfazemos-mobile-wrapper\">\r\n<h3>Design<\/h3>\r\n<p>Projetos e conceitos criativos de identidade visuais, embalagens e o que mais o poder do design puder alcan\u00e7ar.<\/p>\r\n<\/div><\/div>\n<div id='slider_1659_slide04' class='sa_hover_container' style='padding:5% 5%; margin:0px 0%; '><div class=\"bloco-oqfazemos-mobile-wrapper\">\r\n<h3>Content Branded<\/h3>\r\n<p>Marketing de conte\u00fado para contar a hist\u00f3ria da sua marca.<\/p>\r\n<\/div><\/div>\n<div id='slider_1659_slide05' class='sa_hover_container' style='padding:5% 5%; margin:0px 0%; '><div class=\"bloco-oqfazemos-mobile-wrapper\">\r\n<h3>Digital<\/h3>\r\n<p>A performance do inbound marketing e os dados a favor do seu neg\u00f3cio. Gere mais leads para o seu comercial.<\/p>\r\n<\/div><\/div>\n<div id='slider_1659_slide06' class='sa_hover_container' style='padding:5% 5%; margin:0px 0%; '><div class=\"bloco-oqfazemos-mobile-wrapper\">\r\n<h3>Live Marketing<\/h3>\r\n<p>Experi\u00eancias incr\u00edveis para marcas e solu\u00e7\u00f5es para o seu evento.<\/p>\r\n<\/div><\/div>\n<div id='slider_1659_slide07' class='sa_hover_container' style='padding:5% 5%; margin:0px 0%; '><div class=\"bloco-oqfazemos-mobile-wrapper\">\r\n<h3>Advertising<\/h3>\r\n<p>O poder da publicidade tradicional com a estrat\u00e9gia certa, sua marca falando mais alto.<\/p>\r\n<\/div><\/div>\n<div id='slider_1659_slide08' class='sa_hover_container' style='padding:5% 5%; margin:0px 0%; '><div class=\"bloco-oqfazemos-mobile-wrapper\">\r\n<h3>Web<\/h3>\r\n<p>Cria\u00e7\u00e3o do seu site pensado na jornada do usu\u00e1rio, SEO e de forma responsivo.<\/p>\r\n<\/div><\/div>\n<div id='slider_1659_slide09' class='sa_hover_container' style='padding:5% 5%; margin:0px 0%; '><div class=\"bloco-oqfazemos-mobile-wrapper\">\r\n<h3>Media<\/h3>\r\n<p>O investimento ideal para proporcionar alcance segmentado.<\/p>\r\n<\/div><\/div>\n<div id='slider_1659_slide10' class='sa_hover_container' style='padding:5% 5%; margin:0px 0%; '><div class=\"bloco-oqfazemos-mobile-wrapper\">\r\n<h3>Endomarketing<\/h3>\r\n<p>A\u00e7\u00f5es internas integram e inspiram seu time para que, juntos, possam atingir a excel\u00eancia no atendimento.<\/p>\r\n<\/div><\/div>\n<div id='slider_1659_slide11' class='sa_hover_container' style='padding:5% 5%; margin:0px 0%; '><div class=\"bloco-oqfazemos-mobile-wrapper\">\r\n<h3>Trade<\/h3>\r\n<p>Criatividade para sua marca maximizar a estrat\u00e9gia de venda.<\/p>\r\n<\/div><\/div>\n<\/div>\n<\/div>\n<script type='text\/javascript'>\n\tjQuery(document).ready(function() {\n\t\tjQuery('#slider_1659').owlCarousel({\n\t\t\titems : 1,\n\t\t\tsmartSpeed : 200,\n\t\t\tautoplay : true,\n\t\t\tautoplayTimeout : 5000,\n\t\t\tautoplayHoverPause : true,\n\t\t\tsmartSpeed : 200,\n\t\t\tfluidSpeed : 200,\n\t\t\tautoplaySpeed : 200,\n\t\t\tnavSpeed : 200,\n\t\t\tdotsSpeed : 200,\n\t\t\tloop : true,\n\t\t\tnav : true,\n\t\t\tnavText : ['Previous','Next'],\n\t\t\tdots : true,\n\t\t\tresponsiveRefreshRate : 200,\n\t\t\tslideBy : 1,\n\t\t\tmergeFit : true,\n\t\t\tautoHeight : false,\n\t\t\tmouseDrag : false,\n\t\t\ttouchDrag : true\n\t\t});\n\t\tjQuery('#slider_1659').css('visibility', 'visible');\n\t\tsa_resize_slider_1659();\n\t\twindow.addEventListener('resize', sa_resize_slider_1659);\n\t\tfunction sa_resize_slider_1659() {\n\t\t\tvar min_height = '50';\n\t\t\tvar win_width = jQuery(window).width();\n\t\t\tvar slider_width = jQuery('#slider_1659').width();\n\t\t\tif (win_width < 480) {\n\t\t\t\tvar slide_width = slider_width \/ 1;\n\t\t\t} else if (win_width < 768) {\n\t\t\t\tvar slide_width = slider_width \/ 1;\n\t\t\t} else if (win_width < 980) {\n\t\t\t\tvar slide_width = slider_width \/ 1;\n\t\t\t} else if (win_width < 1200) {\n\t\t\t\tvar slide_width = slider_width \/ 1;\n\t\t\t} else if (win_width < 1500) {\n\t\t\t\tvar slide_width = slider_width \/ 1;\n\t\t\t} else {\n\t\t\t\tvar slide_width = slider_width \/ 1;\n\t\t\t}\n\t\t\tslide_width = Math.round(slide_width);\n\t\t\tvar slide_height = '0';\n\t\t\tif (min_height == 'aspect43') {\n\t\t\t\tslide_height = (slide_width \/ 4) * 3;\t\t\t\tslide_height = Math.round(slide_height);\n\t\t\t} else if (min_height == 'aspect169') {\n\t\t\t\tslide_height = (slide_width \/ 16) * 9;\t\t\t\tslide_height = Math.round(slide_height);\n\t\t\t} else {\n\t\t\t\tslide_height = (slide_width \/ 100) * min_height;\t\t\t\tslide_height = Math.round(slide_height);\n\t\t\t}\n\t\t\tjQuery('#slider_1659 .owl-item .sa_hover_container').css('min-height', slide_height+'px');\n\t\t}\n\t\tvar owl_goto = jQuery('#slider_1659');\n\t\tjQuery('.slider_1659_goto1').click(function(event){\n\t\t\towl_goto.trigger('to.owl.carousel', 0);\n\t\t});\n\t\tjQuery('.slider_1659_goto2').click(function(event){\n\t\t\towl_goto.trigger('to.owl.carousel', 1);\n\t\t});\n\t\tjQuery('.slider_1659_goto3').click(function(event){\n\t\t\towl_goto.trigger('to.owl.carousel', 2);\n\t\t});\n\t\tjQuery('.slider_1659_goto4').click(function(event){\n\t\t\towl_goto.trigger('to.owl.carousel', 3);\n\t\t});\n\t\tjQuery('.slider_1659_goto5').click(function(event){\n\t\t\towl_goto.trigger('to.owl.carousel', 4);\n\t\t});\n\t\tjQuery('.slider_1659_goto6').click(function(event){\n\t\t\towl_goto.trigger('to.owl.carousel', 5);\n\t\t});\n\t\tjQuery('.slider_1659_goto7').click(function(event){\n\t\t\towl_goto.trigger('to.owl.carousel', 6);\n\t\t});\n\t\tjQuery('.slider_1659_goto8').click(function(event){\n\t\t\towl_goto.trigger('to.owl.carousel', 7);\n\t\t});\n\t\tjQuery('.slider_1659_goto9').click(function(event){\n\t\t\towl_goto.trigger('to.owl.carousel', 8);\n\t\t});\n\t\tjQuery('.slider_1659_goto10').click(function(event){\n\t\t\towl_goto.trigger('to.owl.carousel', 9);\n\t\t});\n\t\tjQuery('.slider_1659_goto11').click(function(event){\n\t\t\towl_goto.trigger('to.owl.carousel', 10);\n\t\t});\n\t\tvar resize_1659 = jQuery('.owl-carousel');\n\t\tresize_1659.on('initialized.owl.carousel', function(e) {\n\t\t\tif (typeof(Event) === 'function') {\n\t\t\t\twindow.dispatchEvent(new Event('resize'));\n\t\t\t} else {\n\t\t\t\tvar evt = window.document.createEvent('UIEvents');\n\t\t\t\tevt.initUIEvent('resize', true, false, window, 0);\n\t\t\t\twindow.dispatchEvent(evt);\n\t\t\t}\n\t\t});\n\t});\n<\/script>\n\t\t<\/div>\n<\/p><\/div>\n<p><!-- .dslc-module -->\n\t\t<\/div>\n<\/div>\n<\/div>\n<div id=\"novaQS-section5\" class=\"dslc-modules-section \" style=\"\" data-section-id=\"p9poe8ulfug\">\n<div class=\"dslc-modules-section-wrapper dslc-clearfix\">\n<style type=\"text\/css\" id=\"dslca-modules-area-\"><\/style>\n<div  class=\"dslc-modules-area dslc-col dslc-12-col dslc-last-col dslc-valign- \" data-size=\"12\" data-valign=\"\" data-modules-area-id=\"\" >\n<div id=\"dslc-module-p51aj9usq88\" class=\"dslc-module-front dslc-module-DSLC_Html dslc-in-viewport-check dslc-in-viewport-anim-none  dslc-col dslc-12-col dslc-last-col  dslc-module-handle-like-regular \" data-module-id=\"p51aj9usq88\" data-module=\"DSLC_Html\" data-dslc-module-size=\"12\" data-dslc-anim=\"none\" data-dslc-anim-delay=\"\" data-dslc-anim-duration=\"650\"  data-dslc-anim-easing=\"ease\" data-dslc-preset=\"none\" >\n<div class=\"dslc-html-module-content\">\n<div id=\"novaQS-sec5-wrapper\">\n<h4>NOSSA METODOLOGIA<\/h4>\n<h1>Brand-driven business. Crescimento orientado pelas estrat\u00e9gias de gest\u00e3o da sua marca.<\/h1>\n<p>Todos os nossos projetos s\u00e3o pensados para atua\u00e7\u00e3o do marketing 5.0. Nosso pensamento \u00e9 levar nossa metodologia para que tudo tenha um direcionamento dos dados, descoberta e desenho da estrat\u00e9gia.<\/p>\n<p>\t<img decoding=\"async\" class=\"img-MOB\" src=\"\/wp-content\/uploads\/2022\/06\/metodologia_blackmind_agency_mobile@3x.png\"><br \/>\n\t<img decoding=\"async\" class=\"img-PC\" src=\"\/wp-content\/uploads\/2022\/06\/metodologia_blackmind_agency.png\">\n<\/div>\n<\/div><\/div>\n<p><!-- .dslc-module -->\n\t\t<\/div>\n<\/div>\n<\/div>\n<div  class=\"dslc-modules-section \" style=\"\" data-section-id=\"9991b998003\">\n<div class=\"dslc-modules-section-wrapper dslc-clearfix\">\n<style type=\"text\/css\" id=\"dslca-modules-area-\"><\/style>\n<div  class=\"dslc-modules-area dslc-col dslc-12-col dslc-last-col dslc-valign- \" data-size=\"12\" data-valign=\"\" data-modules-area-id=\"\" >\n<div id=\"dslc-module-c423063dc38\" class=\"dslc-module-front dslc-module-DSLC_Html dslc-in-viewport-check dslc-in-viewport-anim-none  dslc-col dslc-12-col dslc-last-col  dslc-module-handle-like-regular \" data-module-id=\"c423063dc38\" data-module=\"DSLC_Html\" data-dslc-module-size=\"12\" data-dslc-anim=\"none\" data-dslc-anim-delay=\"\" data-dslc-anim-duration=\"650\"  data-dslc-anim-easing=\"ease\" data-dslc-preset=\"none\" >\n<div class=\"dslc-html-module-content\">\n<div id=\"home-inovar-wrapper\">\n<h3>Vamos falar da sua marca?<\/h3>\n<h1>Traga seu projeto para a Blackmind e transforme a comunica\u00e7\u00e3o do seu neg\u00f3cio.<\/h1>\n<p><a href=\"\/contato\"><button>ENTRE EM CONTATO<\/button><\/a>\n<\/div>\n<\/div><\/div>\n<p><!-- .dslc-module -->\n\t\t<\/div>\n<\/div>\n<\/div>\n<\/div>\n<\/div><\/div>","protected":false},"excerpt":{"rendered":"<p>HEY, WE ARE BLACKMIND Uma ag\u00eancia full-experience para conectar marcas a neg\u00f3cios SOMOS ESPECIALISTAS EM BUSINESS DESIGN A Blackmind \u00e9 especialista em estrat\u00e9gia, posicionamento e cria\u00e7\u00e3o de comunica\u00e7\u00e3o de marketing que estimulam o crescimento dos neg\u00f3cios. A Blackmind \u00e9 uma ag\u00eancia hotshop otimizada que comporta grandes desafios. Acreditamos que boas ideias n\u00e3o se limitam a [&hellip;]<\/p>\n","protected":false},"author":1,"featured_media":0,"parent":0,"menu_order":0,"comment_status":"closed","ping_status":"closed","template":"","meta":{"footnotes":""},"class_list":["post-1492","page","type-page","status-publish","hentry"],"yoast_head":"<!-- This site is optimized with the Yoast SEO plugin v27.2 - https:\/\/yoast.com\/product\/yoast-seo-wordpress\/ -->\n<title>Black - Blackmind Agency<\/title>\n<meta name=\"robots\" content=\"index, follow, max-snippet:-1, max-image-preview:large, max-video-preview:-1\" \/>\n<link rel=\"canonical\" href=\"https:\/\/blackmind.agency\/en\/black\/\" \/>\n<meta property=\"og:locale\" content=\"en_US\" \/>\n<meta property=\"og:type\" content=\"article\" \/>\n<meta property=\"og:title\" content=\"Black - Blackmind Agency\" \/>\n<meta property=\"og:description\" content=\"HEY, WE ARE BLACKMIND Uma ag\u00eancia full-experience para conectar marcas a neg\u00f3cios SOMOS ESPECIALISTAS EM BUSINESS DESIGN A Blackmind \u00e9 especialista em estrat\u00e9gia, posicionamento e cria\u00e7\u00e3o de comunica\u00e7\u00e3o de marketing que estimulam o crescimento dos neg\u00f3cios. A Blackmind \u00e9 uma ag\u00eancia hotshop otimizada que comporta grandes desafios. Acreditamos que boas ideias n\u00e3o se limitam a [&hellip;]\" \/>\n<meta property=\"og:url\" content=\"https:\/\/blackmind.agency\/en\/black\/\" \/>\n<meta property=\"og:site_name\" content=\"Blackmind Agency\" \/>\n<meta property=\"article:modified_time\" content=\"2022-06-28T23:19:33+00:00\" \/>\n<meta name=\"twitter:card\" content=\"summary_large_image\" \/>\n<meta name=\"twitter:label1\" content=\"Est. reading time\" \/>\n\t<meta name=\"twitter:data1\" content=\"2 minutes\" \/>\n<script type=\"application\/ld+json\" class=\"yoast-schema-graph\">{\"@context\":\"https:\/\/schema.org\",\"@graph\":[{\"@type\":\"WebPage\",\"@id\":\"https:\/\/blackmind.agency\/black\/\",\"url\":\"https:\/\/blackmind.agency\/black\/\",\"name\":\"Black - Blackmind Agency\",\"isPartOf\":{\"@id\":\"https:\/\/blackmind.agency\/#website\"},\"datePublished\":\"2022-06-02T05:44:29+00:00\",\"dateModified\":\"2022-06-28T23:19:33+00:00\",\"breadcrumb\":{\"@id\":\"https:\/\/blackmind.agency\/black\/#breadcrumb\"},\"inLanguage\":\"en-US\",\"potentialAction\":[{\"@type\":\"ReadAction\",\"target\":[\"https:\/\/blackmind.agency\/black\/\"]}]},{\"@type\":\"BreadcrumbList\",\"@id\":\"https:\/\/blackmind.agency\/black\/#breadcrumb\",\"itemListElement\":[{\"@type\":\"ListItem\",\"position\":1,\"name\":\"In\u00edcio\",\"item\":\"https:\/\/blackmind.agency\/\"},{\"@type\":\"ListItem\",\"position\":2,\"name\":\"Black\"}]},{\"@type\":\"WebSite\",\"@id\":\"https:\/\/blackmind.agency\/#website\",\"url\":\"https:\/\/blackmind.agency\/\",\"name\":\"Blackmind Agency\",\"description\":\"\",\"potentialAction\":[{\"@type\":\"SearchAction\",\"target\":{\"@type\":\"EntryPoint\",\"urlTemplate\":\"https:\/\/blackmind.agency\/?s={search_term_string}\"},\"query-input\":{\"@type\":\"PropertyValueSpecification\",\"valueRequired\":true,\"valueName\":\"search_term_string\"}}],\"inLanguage\":\"en-US\"}]}<\/script>\n<!-- \/ Yoast SEO plugin. -->","yoast_head_json":{"title":"Black - Blackmind Agency","robots":{"index":"index","follow":"follow","max-snippet":"max-snippet:-1","max-image-preview":"max-image-preview:large","max-video-preview":"max-video-preview:-1"},"canonical":"https:\/\/blackmind.agency\/en\/black\/","og_locale":"en_US","og_type":"article","og_title":"Black - Blackmind Agency","og_description":"HEY, WE ARE BLACKMIND Uma ag\u00eancia full-experience para conectar marcas a neg\u00f3cios SOMOS ESPECIALISTAS EM BUSINESS DESIGN A Blackmind \u00e9 especialista em estrat\u00e9gia, posicionamento e cria\u00e7\u00e3o de comunica\u00e7\u00e3o de marketing que estimulam o crescimento dos neg\u00f3cios. A Blackmind \u00e9 uma ag\u00eancia hotshop otimizada que comporta grandes desafios. Acreditamos que boas ideias n\u00e3o se limitam a [&hellip;]","og_url":"https:\/\/blackmind.agency\/en\/black\/","og_site_name":"Blackmind Agency","article_modified_time":"2022-06-28T23:19:33+00:00","twitter_card":"summary_large_image","twitter_misc":{"Est. reading time":"2 minutes"},"schema":{"@context":"https:\/\/schema.org","@graph":[{"@type":"WebPage","@id":"https:\/\/blackmind.agency\/black\/","url":"https:\/\/blackmind.agency\/black\/","name":"Black - Blackmind Agency","isPartOf":{"@id":"https:\/\/blackmind.agency\/#website"},"datePublished":"2022-06-02T05:44:29+00:00","dateModified":"2022-06-28T23:19:33+00:00","breadcrumb":{"@id":"https:\/\/blackmind.agency\/black\/#breadcrumb"},"inLanguage":"en-US","potentialAction":[{"@type":"ReadAction","target":["https:\/\/blackmind.agency\/black\/"]}]},{"@type":"BreadcrumbList","@id":"https:\/\/blackmind.agency\/black\/#breadcrumb","itemListElement":[{"@type":"ListItem","position":1,"name":"In\u00edcio","item":"https:\/\/blackmind.agency\/"},{"@type":"ListItem","position":2,"name":"Black"}]},{"@type":"WebSite","@id":"https:\/\/blackmind.agency\/#website","url":"https:\/\/blackmind.agency\/","name":"Blackmind Agency","description":"","potentialAction":[{"@type":"SearchAction","target":{"@type":"EntryPoint","urlTemplate":"https:\/\/blackmind.agency\/?s={search_term_string}"},"query-input":{"@type":"PropertyValueSpecification","valueRequired":true,"valueName":"search_term_string"}}],"inLanguage":"en-US"}]}},"_links":{"self":[{"href":"https:\/\/blackmind.agency\/en\/wp-json\/wp\/v2\/pages\/1492","targetHints":{"allow":["GET"]}}],"collection":[{"href":"https:\/\/blackmind.agency\/en\/wp-json\/wp\/v2\/pages"}],"about":[{"href":"https:\/\/blackmind.agency\/en\/wp-json\/wp\/v2\/types\/page"}],"author":[{"embeddable":true,"href":"https:\/\/blackmind.agency\/en\/wp-json\/wp\/v2\/users\/1"}],"replies":[{"embeddable":true,"href":"https:\/\/blackmind.agency\/en\/wp-json\/wp\/v2\/comments?post=1492"}],"version-history":[{"count":2,"href":"https:\/\/blackmind.agency\/en\/wp-json\/wp\/v2\/pages\/1492\/revisions"}],"predecessor-version":[{"id":1923,"href":"https:\/\/blackmind.agency\/en\/wp-json\/wp\/v2\/pages\/1492\/revisions\/1923"}],"wp:attachment":[{"href":"https:\/\/blackmind.agency\/en\/wp-json\/wp\/v2\/media?parent=1492"}],"curies":[{"name":"wp","href":"https:\/\/api.w.org\/{rel}","templated":true}]}}