{"id":3,"date":"2022-02-16T17:46:13","date_gmt":"2022-02-16T20:46:13","guid":{"rendered":"http:\/\/www.blackmind.institucional.ws\/?page_id=3"},"modified":"2022-07-01T02:26:09","modified_gmt":"2022-07-01T05:26:09","slug":"politica-de-privacidade","status":"publish","type":"page","link":"https:\/\/blackmind.agency\/en\/politica-de-privacidade\/","title":{"rendered":"Pol\u00edtica de privacidade"},"content":{"rendered":"<div id=\"dslc-theme-content\"><div id=\"dslc-theme-content-inner\"><div id=\"dslc-main\">\n<div  class=\"dslc-modules-section\" style=\"padding-bottom:134.5px;padding-top:134.5px;background-color:#000000;\" data-section-id=\"261e8509fbe\">\n<div class=\"dslc-modules-section-wrapper dslc-clearfix\">\n<style type=\"text\/css\" id=\"dslca-modules-area-\"><\/style>\n<div  class=\"dslc-modules-area dslc-col dslc-12-col dslc-last-col dslc-valign-\" data-size=\"12\" data-valign=\"\" data-modules-area-id=\"\" ><\/div>\n<\/div>\n<\/div>\n<div id=\"polpriv-secao1\" class=\"dslc-modules-section\" style=\"\" data-section-id=\"261e8509fbe\">\n<div class=\"dslc-modules-section-wrapper dslc-clearfix\">\n<style type=\"text\/css\" id=\"dslca-modules-area-\"><\/style>\n<div  class=\"dslc-modules-area dslc-col dslc-12-col dslc-last-col dslc-valign-\" data-size=\"12\" data-valign=\"\" data-modules-area-id=\"\" >\n<div id=\"dslc-module-57b8c903a30\" class=\"dslc-module-front dslc-module-DSLC_Html dslc-in-viewport-check dslc-in-viewport-anim-none  dslc-col dslc-12-col dslc-last-col  dslc-module-handle-like-regular\" data-module-id=\"57b8c903a30\" data-module=\"DSLC_Html\" data-dslc-module-size=\"12\" data-dslc-anim=\"none\" data-dslc-anim-delay=\"\" data-dslc-anim-duration=\"650\"  data-dslc-anim-easing=\"ease\" data-dslc-preset=\"none\" >\n<div class=\"dslc-html-module-content\">\n<h1>Privacy Policy<\/h1>\n<h4>1. OBJETIVO DA POL\u00cdTICA<\/h4>\n<p>A Blackmind Agency tem o compromisso de informar aos usu\u00e1rios do site os dados pessoais que podem ser processados. Estamos empenhados em respeitar a sua privacidade e prezar pela transpar\u00eancia, por isso formulamos esta pol\u00edtica de privacidade para lhe dar uma compreens\u00e3o clara de como processar os seus dados pessoais no nosso site. Apenas processamos dados pessoais na premissa de que s\u00e3o necess\u00e1rios e suficientes para apoiar a finalidade da coleta e sempre observamos a base legal para o processamento. Para mais informa\u00e7\u00f5es sobre como processar seus dados pessoais, entre em contato conosco atrav\u00e9s do e-mail contato@blackmind.agency<\/p>\n<h4>2. QUAIS OS DADOS COLETADOS, O FORMATO E A FINALIDADE DA COLETA?<\/h4>\n<p>Dados fornecidos diretamente por voc\u00ea: nome, e-mail e telefone, atrav\u00e9s dos formul\u00e1rios \u201cFALE CONOSCO\u201d e \u201cNEWSLETTER\u201d. Dados tratados indiretamente: por meio de cookies e plug-ins de terceiros enviados ao seu navegador, pelo WordPress, necess\u00e1rios para o bom funcionamento do site, os quais n\u00e3o possibilitam a identifica\u00e7\u00e3o do usu\u00e1rio. Al\u00e9m disso, n\u00f3s poderemos coletar seus dados para identificar e disponibilizar conte\u00fado do seu interesse e lhe encaminhar:<\/p>\n<ul>\n<li>a- comunicados institucionais;<\/li>\n<li>b- newsletters e\/ou informativos;<\/li>\n<li>c- convites;<\/li>\n<li>d- materiais de eventos produzidos pelo escrit\u00f3rio;<\/li>\n<li>e- pesquisas institucionais.<\/li>\n<\/ul>\n<h4>3. POR QUANTO TEMPO N\u00d3S IREMOS RETER OS SEUS DADOS PESSOAIS?<\/h4>\n<p>Armazenamos e mantemos os seus dados:<\/p>\n<ul>\n<li>a- pelo tempo exigido por lei;<\/li>\n<li>b- at\u00e9 o t\u00e9rmino do tratamento dos dados pessoais, ou seja, quando do alcance da finalidade ou quando os dados deixarem de ser necess\u00e1rios ou pertinentes ao alcance da finalidade ou quando o titular estiver em seu direito de solicitar o t\u00e9rmino do tratamento e a exclus\u00e3o de seus dados ou quando houver determina\u00e7\u00e3o legal nesse sentido;<\/li>\n<li>c- pelo tempo necess\u00e1rio a preservar o leg\u00edtimo interesse da Blackmind Agency, conforme o caso;<\/li>\n<li>d- pelo tempo necess\u00e1rio para resguardar o exerc\u00edcio regular de direitos da Blackmind Agency.<\/li>\n<\/ul>\n<h4>4.QUEM \u00c9 O CONTROLADOR DOS DADOS PESSOAIS?<\/h4>\n<p>A Blackmind Agency ser\u00e1 o controlador de seus dados pessoais. Para a finalidade da legisla\u00e7\u00e3o aplic\u00e1vel, controlador \u00e9 a quem compete as decis\u00f5es relativas ao tratamento de dados pessoais.<\/p>\n<h4>5. COM QUEM COMPARTILHAMOS OS SEUS DADOS PESSOAIS?<\/h4>\n<p>A Blackmind Agency poder\u00e1, excepcionalmente, compartilhar os seus dados pessoais com provedores de softwares e outras tecnologias da informa\u00e7\u00e3o, para a finalidade de gera\u00e7\u00e3o de cadastro, documenta\u00e7\u00e3o e eventuais provid\u00eancias essenciais ao bom funcionamento das funcionalidades oferecidas no site, os quais poder\u00e3o:<\/p>\n<ul>\n<li>utilizar o nome, e-mail e telefone fornecido;<\/li>\n<li>coletar informa\u00e7\u00f5es sobre o dispositivo do usu\u00e1rio e intera\u00e7\u00f5es com o e-mail do titular;<\/li>\n<li>coletar informa\u00e7\u00f5es sobre o dispositivo e os aplicativos que o titular utiliza para acessar e-mails enviados atrav\u00e9s dos referidos provedores, como o endere\u00e7o IP, o sistema operacional, a ID de navegador e outras informa\u00e7\u00f5es sobre o sistema e conex\u00e3o do usu\u00e1rio;<\/li>\n<li>coletar dados de uso sobre as intera\u00e7\u00f5es do titular com e-mails enviados atrav\u00e9s dos referidos provedores, que podem incluir datas e hor\u00e1rios em que foram acessados os e-mails e as atividades de navega\u00e7\u00e3o.<\/li>\n<\/ul>\n<h4>6. QUAIS S\u00c3O OS SEUS DIREITOS EM RELA\u00c7\u00c3O AOS SEUS DADOS PESSOAIS?<\/h4>\n<p>Voc\u00ea possui diversos direitos em rela\u00e7\u00e3o aos seus dados pessoais, os quais a Blackmind Agency se compromete em assegurar, dentre eles:<\/p>\n<ul>\n<li>a- a confirma\u00e7\u00e3o da exist\u00eancia de tratamento;<\/li>\n<li>b- o acesso aos dados;<\/li>\n<li>c- a corre\u00e7\u00e3o de dados incompletos, inexatos ou desatualizados;<\/li>\n<li>d- a anonimiza\u00e7\u00e3o, bloqueio ou elimina\u00e7\u00e3o de dados desnecess\u00e1rios, excessivos ou tratados em desconformidade;<\/li>\n<li>e- a portabilidade a outro fornecedor de servi\u00e7o ou produto, mediante requisi\u00e7\u00e3o expressa;<\/li>\n<li>f- a informa\u00e7\u00e3o das entidades p\u00fablicas e privadas com as quais o controlador realizou o uso compartilhado de dados.<\/li>\n<\/ul>\n<h4>7. PROTE\u00c7\u00c3O E SEGURAN\u00c7A<\/h4>\n<p>A Blackmind Agency est\u00e1 comprometido com a seguran\u00e7a dos seus dados pessoais. Adotamos precau\u00e7\u00f5es para manter essa prote\u00e7\u00e3o, empregando sistemas de seguran\u00e7a e procedimentos adotados pelo mercado para proteger os seus dados.<\/p>\n<h4>8. SITES DE TERCEIROS<\/h4>\n<p>\u00c9 poss\u00edvel que em nosso site ofere\u00e7amos links para outros sites na internet. N\u00f3s da Blackmind Agency, contudo, n\u00e3o se responsabiliza por esses sites e n\u00e3o compartilha, subscreve, monitora ou aceita a forma como esses sites tratam os seus dados pessoais. Recomendamos observar as respectivas pol\u00edticas de privacidade de tais sites, para compreens\u00e3o do tratamento de seus dados pessoais.<\/p>\n<h4>9. D\u00daVIDAS | CONTATO<\/h4>\n<p>Caso voc\u00ea entenda que seus dados foram utilizados de maneira incompat\u00edvel com esta Pol\u00edtica ou com as suas escolhas enquanto titular, ou, ainda, se voc\u00ea tiver outras d\u00favidas, coment\u00e1rios ou sugest\u00f5es, entre em contato conosco atrav\u00e9s do endere\u00e7o de e-mail contato@blackmind.agency<\/p>\n<h4>10. ALTERA\u00c7\u00d5ES<\/h4>\n<p>A Blackmind Agency se reserva o direito de alterar esta Pol\u00edtica de Privacidade a qualquer momento, mediante publica\u00e7\u00e3o da vers\u00e3o atualizada nesta p\u00e1gina.<\/p>\n<p>A presente Pol\u00edtica de Privacidade entra em vigor em: 30 de junho de 2022.<\/p>\n<\/div><\/div>\n<p><!-- .dslc-module -->\n\t\t<\/div>\n<\/div>\n<\/div>\n<div id=\"cases-inovar-section\" class=\"dslc-modules-section\" style=\"\" data-section-id=\"ecb1abc19db\">\n<div class=\"dslc-modules-section-wrapper dslc-clearfix\">\n<style type=\"text\/css\" id=\"dslca-modules-area-\"><\/style>\n<div  class=\"dslc-modules-area dslc-col dslc-12-col dslc-last-col dslc-valign-\" data-size=\"12\" data-valign=\"\" data-modules-area-id=\"\" >\n<div id=\"dslc-module-df1f98a4798\" class=\"dslc-module-front dslc-module-DSLC_Html dslc-in-viewport-check dslc-in-viewport-anim-none  dslc-col dslc-12-col dslc-last-col  dslc-module-handle-like-regular\" data-module-id=\"df1f98a4798\" data-module=\"DSLC_Html\" data-dslc-module-size=\"12\" data-dslc-anim=\"none\" data-dslc-anim-delay=\"\" data-dslc-anim-duration=\"650\"  data-dslc-anim-easing=\"ease\" data-dslc-preset=\"none\" >\n<div class=\"dslc-html-module-content\">\n<div id=\"cases-inovar-wrapper\">\n<h3>Shall we talk about your brand?<\/h3>\n<h1>Bring your project to Blackmind and transform your business's communication.<\/h1>\n<p><a href=\"\/en\/contato\/\"><button>GET IN TOUCH<\/button><\/a>\n<\/div>\n<\/div><\/div>\n<p><!-- .dslc-module -->\n\t\t<\/div>\n<\/div>\n<\/div>\n<\/div>\n<\/div><\/div>","protected":false},"excerpt":{"rendered":"<p>Pol\u00edtica de Privacidade 1. OBJETIVO DA POL\u00cdTICA A Blackmind Agency tem o compromisso de informar aos usu\u00e1rios do site os dados pessoais que podem ser processados. Estamos empenhados em respeitar a sua privacidade e prezar pela transpar\u00eancia, por isso formulamos esta pol\u00edtica de privacidade para lhe dar uma compreens\u00e3o clara de como processar os seus [&hellip;]<\/p>\n","protected":false},"author":1,"featured_media":0,"parent":0,"menu_order":0,"comment_status":"closed","ping_status":"open","template":"","meta":{"footnotes":""},"class_list":["post-3","page","type-page","status-publish","hentry"],"yoast_head":"<!-- This site is optimized with the Yoast SEO plugin v27.2 - https:\/\/yoast.com\/product\/yoast-seo-wordpress\/ -->\n<title>Pol\u00edtica de privacidade - Blackmind Agency<\/title>\n<meta name=\"robots\" content=\"index, follow, max-snippet:-1, max-image-preview:large, max-video-preview:-1\" \/>\n<link rel=\"canonical\" href=\"https:\/\/blackmind.agency\/en\/politica-de-privacidade\/\" \/>\n<meta property=\"og:locale\" content=\"en_US\" \/>\n<meta property=\"og:type\" content=\"article\" \/>\n<meta property=\"og:title\" content=\"Pol\u00edtica de privacidade - Blackmind Agency\" \/>\n<meta property=\"og:description\" content=\"Pol\u00edtica de Privacidade 1. OBJETIVO DA POL\u00cdTICA A Blackmind Agency tem o compromisso de informar aos usu\u00e1rios do site os dados pessoais que podem ser processados. Estamos empenhados em respeitar a sua privacidade e prezar pela transpar\u00eancia, por isso formulamos esta pol\u00edtica de privacidade para lhe dar uma compreens\u00e3o clara de como processar os seus [&hellip;]\" \/>\n<meta property=\"og:url\" content=\"https:\/\/blackmind.agency\/en\/politica-de-privacidade\/\" \/>\n<meta property=\"og:site_name\" content=\"Blackmind Agency\" \/>\n<meta property=\"article:modified_time\" content=\"2022-07-01T05:26:09+00:00\" \/>\n<meta name=\"twitter:card\" content=\"summary_large_image\" \/>\n<meta name=\"twitter:label1\" content=\"Est. reading time\" \/>\n\t<meta name=\"twitter:data1\" content=\"4 minutes\" \/>\n<script type=\"application\/ld+json\" class=\"yoast-schema-graph\">{\"@context\":\"https:\/\/schema.org\",\"@graph\":[{\"@type\":\"WebPage\",\"@id\":\"https:\/\/blackmind.agency\/politica-de-privacidade\/\",\"url\":\"https:\/\/blackmind.agency\/politica-de-privacidade\/\",\"name\":\"Pol\u00edtica de privacidade - Blackmind Agency\",\"isPartOf\":{\"@id\":\"https:\/\/blackmind.agency\/#website\"},\"datePublished\":\"2022-02-16T20:46:13+00:00\",\"dateModified\":\"2022-07-01T05:26:09+00:00\",\"breadcrumb\":{\"@id\":\"https:\/\/blackmind.agency\/politica-de-privacidade\/#breadcrumb\"},\"inLanguage\":\"en-US\",\"potentialAction\":[{\"@type\":\"ReadAction\",\"target\":[\"https:\/\/blackmind.agency\/politica-de-privacidade\/\"]}]},{\"@type\":\"BreadcrumbList\",\"@id\":\"https:\/\/blackmind.agency\/politica-de-privacidade\/#breadcrumb\",\"itemListElement\":[{\"@type\":\"ListItem\",\"position\":1,\"name\":\"In\u00edcio\",\"item\":\"https:\/\/blackmind.agency\/\"},{\"@type\":\"ListItem\",\"position\":2,\"name\":\"Pol\u00edtica de privacidade\"}]},{\"@type\":\"WebSite\",\"@id\":\"https:\/\/blackmind.agency\/#website\",\"url\":\"https:\/\/blackmind.agency\/\",\"name\":\"Blackmind Agency\",\"description\":\"\",\"potentialAction\":[{\"@type\":\"SearchAction\",\"target\":{\"@type\":\"EntryPoint\",\"urlTemplate\":\"https:\/\/blackmind.agency\/?s={search_term_string}\"},\"query-input\":{\"@type\":\"PropertyValueSpecification\",\"valueRequired\":true,\"valueName\":\"search_term_string\"}}],\"inLanguage\":\"en-US\"}]}<\/script>\n<!-- \/ Yoast SEO plugin. -->","yoast_head_json":{"title":"Pol\u00edtica de privacidade - Blackmind Agency","robots":{"index":"index","follow":"follow","max-snippet":"max-snippet:-1","max-image-preview":"max-image-preview:large","max-video-preview":"max-video-preview:-1"},"canonical":"https:\/\/blackmind.agency\/en\/politica-de-privacidade\/","og_locale":"en_US","og_type":"article","og_title":"Pol\u00edtica de privacidade - Blackmind Agency","og_description":"Pol\u00edtica de Privacidade 1. OBJETIVO DA POL\u00cdTICA A Blackmind Agency tem o compromisso de informar aos usu\u00e1rios do site os dados pessoais que podem ser processados. Estamos empenhados em respeitar a sua privacidade e prezar pela transpar\u00eancia, por isso formulamos esta pol\u00edtica de privacidade para lhe dar uma compreens\u00e3o clara de como processar os seus [&hellip;]","og_url":"https:\/\/blackmind.agency\/en\/politica-de-privacidade\/","og_site_name":"Blackmind Agency","article_modified_time":"2022-07-01T05:26:09+00:00","twitter_card":"summary_large_image","twitter_misc":{"Est. reading time":"4 minutes"},"schema":{"@context":"https:\/\/schema.org","@graph":[{"@type":"WebPage","@id":"https:\/\/blackmind.agency\/politica-de-privacidade\/","url":"https:\/\/blackmind.agency\/politica-de-privacidade\/","name":"Pol\u00edtica de privacidade - Blackmind Agency","isPartOf":{"@id":"https:\/\/blackmind.agency\/#website"},"datePublished":"2022-02-16T20:46:13+00:00","dateModified":"2022-07-01T05:26:09+00:00","breadcrumb":{"@id":"https:\/\/blackmind.agency\/politica-de-privacidade\/#breadcrumb"},"inLanguage":"en-US","potentialAction":[{"@type":"ReadAction","target":["https:\/\/blackmind.agency\/politica-de-privacidade\/"]}]},{"@type":"BreadcrumbList","@id":"https:\/\/blackmind.agency\/politica-de-privacidade\/#breadcrumb","itemListElement":[{"@type":"ListItem","position":1,"name":"In\u00edcio","item":"https:\/\/blackmind.agency\/"},{"@type":"ListItem","position":2,"name":"Pol\u00edtica de privacidade"}]},{"@type":"WebSite","@id":"https:\/\/blackmind.agency\/#website","url":"https:\/\/blackmind.agency\/","name":"Blackmind Agency","description":"","potentialAction":[{"@type":"SearchAction","target":{"@type":"EntryPoint","urlTemplate":"https:\/\/blackmind.agency\/?s={search_term_string}"},"query-input":{"@type":"PropertyValueSpecification","valueRequired":true,"valueName":"search_term_string"}}],"inLanguage":"en-US"}]}},"_links":{"self":[{"href":"https:\/\/blackmind.agency\/en\/wp-json\/wp\/v2\/pages\/3","targetHints":{"allow":["GET"]}}],"collection":[{"href":"https:\/\/blackmind.agency\/en\/wp-json\/wp\/v2\/pages"}],"about":[{"href":"https:\/\/blackmind.agency\/en\/wp-json\/wp\/v2\/types\/page"}],"author":[{"embeddable":true,"href":"https:\/\/blackmind.agency\/en\/wp-json\/wp\/v2\/users\/1"}],"replies":[{"embeddable":true,"href":"https:\/\/blackmind.agency\/en\/wp-json\/wp\/v2\/comments?post=3"}],"version-history":[{"count":3,"href":"https:\/\/blackmind.agency\/en\/wp-json\/wp\/v2\/pages\/3\/revisions"}],"predecessor-version":[{"id":1963,"href":"https:\/\/blackmind.agency\/en\/wp-json\/wp\/v2\/pages\/3\/revisions\/1963"}],"wp:attachment":[{"href":"https:\/\/blackmind.agency\/en\/wp-json\/wp\/v2\/media?parent=3"}],"curies":[{"name":"wp","href":"https:\/\/api.w.org\/{rel}","templated":true}]}}